{"id":14215,"date":"2023-08-04T14:36:13","date_gmt":"2023-08-04T06:36:13","guid":{"rendered":"https:\/\/js-pins.com\/product\/lapel-pins-without-color-filled\/"},"modified":"2024-12-18T17:22:56","modified_gmt":"2024-12-18T09:22:56","slug":"lapel-pins-without-color-filled","status":"publish","type":"product","link":"https:\/\/js-pins.com\/es\/product\/lapel-pins-without-color-filled\/","title":{"rendered":"Insignia de metal sin color"},"content":{"rendered":"<p><section class=\"ffb-id-5u5g274h fg-section fg-text-dark\"><div class=\"fg-container container fg-container-large fg-container-lvl--1 \"><div class=\"fg-row row    \" ><div class=\"ffb-id-5u5g35gu fg-col col-xs-12 col-md-4 fg-el-has-bg fg-temp-height fg-text-dark\" data-fg-force-min-height=\"{&quot;breakpoint_1&quot;:{&quot;height&quot;:&quot;&quot;,&quot;offset&quot;:&quot;&quot;},&quot;breakpoint_2&quot;:{&quot;height&quot;:&quot;&quot;,&quot;offset&quot;:&quot;&quot;},&quot;breakpoint_3&quot;:{&quot;height&quot;:&quot;&quot;,&quot;offset&quot;:&quot;&quot;},&quot;breakpoint_4&quot;:{&quot;height&quot;:&quot;&quot;,&quot;offset&quot;:&quot;&quot;}}\" ><span class=\"fg-bg\"><span data-fg-bg=\"{&quot;type&quot;:&quot;color&quot;,&quot;opacity&quot;:1,&quot;color&quot;:&quot;#f7f8fa&quot;}\" class=\"fg-bg-layer fg-bg-type-color \" style=\"opacity: 1; background-color: #f7f8fa;\"><\/span><span data-fg-bg=\"{&quot;type&quot;:&quot;gradient&quot;,&quot;gradient&quot;:&quot;&quot;,&quot;opacity&quot;:1}\" class=\"fg-bg-layer fg-bg-type-gradient \" style=\"opacity: 1; \"><\/span><span data-fg-bg=\"{&quot;type&quot;:&quot;image&quot;,&quot;opacity&quot;:1,&quot;url&quot;:&quot;&quot;,&quot;size&quot;:&quot;cover&quot;,&quot;repeat&quot;:&quot;no-repeat&quot;,&quot;attachment&quot;:&quot;scroll&quot;,&quot;position&quot;:&quot;center center&quot;}\" class=\"fg-bg-layer fg-bg-type-image \" style=\"opacity: 1; background-image: url(&quot;&quot;); background-repeat: no-repeat; background-attachment: scroll; background-position: center center; background-size: cover;\"><\/span><span data-fg-bg=\"{&quot;type&quot;:&quot;video&quot;,&quot;opacity&quot;:1,&quot;variant&quot;:&quot;youtube&quot;,&quot;url&quot;:&quot;&quot;,&quot;width&quot;:16,&quot;height&quot;:9,&quot;shield&quot;:&quot;on&quot;}\" class=\"fg-bg-layer fg-bg-type-video \" data-freshgrid=\"{&quot;type&quot;:&quot;video&quot;,&quot;opacity&quot;:1,&quot;variant&quot;:&quot;youtube&quot;,&quot;url&quot;:&quot;&quot;,&quot;width&quot;:16,&quot;height&quot;:9,&quot;shield&quot;:&quot;on&quot;}\"><\/span><span data-fg-bg=\"{&quot;type&quot;:&quot;slant&quot;,&quot;opacity&quot;:1,&quot;color&quot;:&quot;#ffffff&quot;,&quot;edge&quot;:&quot;top&quot;,&quot;direction&quot;:&quot;up&quot;,&quot;angle&quot;:15}\" class=\"fg-bg-layer fg-bg-type-slant \" style=\"opacity: 1\"><\/span><span data-fg-bg=\"{&quot;type&quot;:&quot;parallax&quot;,&quot;url&quot;:&quot;&quot;,&quot;opacity&quot;:1,&quot;width&quot;:&quot;&quot;,&quot;height&quot;:&quot;&quot;,&quot;speed&quot;:50,&quot;size&quot;:&quot;cover&quot;,&quot;offset_h&quot;:50,&quot;offset_v&quot;:50}\" class=\"fg-bg-layer fg-bg-type-parallax \" style=\"opacity: 1; background-image: url(&quot;&quot;);\"><\/span><\/span><p class=\"ffb-id-5u9spptm fg-paragraph text-left    fg-text-dark\">Lorem ipsum dolor sit amet, consectetur adipiscing elit. Duis sed cursus sapien, vitae fringilla sem. Duis convallis vel nunc at laoreet.<\/p><p class=\"ffb-id-5u5g4odm fg-paragraph text-left    fg-text-dark\">Lorem ipsum dolor sit amet, consectetur adipiscing elit. Duis sed cursus sapien, vitae fringilla sem. Duis convallis vel nunc at laoreet.<\/p><\/div><div class=\"ffb-id-6unp1cea fg-col col-xs-12 col-md-4 fg-el-has-bg fg-temp-height fg-text-dark\" data-fg-force-min-height=\"{&quot;breakpoint_1&quot;:{&quot;height&quot;:&quot;&quot;,&quot;offset&quot;:&quot;&quot;},&quot;breakpoint_2&quot;:{&quot;height&quot;:&quot;&quot;,&quot;offset&quot;:&quot;&quot;},&quot;breakpoint_3&quot;:{&quot;height&quot;:&quot;&quot;,&quot;offset&quot;:&quot;&quot;},&quot;breakpoint_4&quot;:{&quot;height&quot;:&quot;&quot;,&quot;offset&quot;:&quot;&quot;}}\" ><span class=\"fg-bg\"><span data-fg-bg=\"{&quot;type&quot;:&quot;color&quot;,&quot;opacity&quot;:1,&quot;color&quot;:&quot;#f7f8fa&quot;}\" class=\"fg-bg-layer fg-bg-type-color \" style=\"opacity: 1; background-color: #f7f8fa;\"><\/span><span data-fg-bg=\"{&quot;type&quot;:&quot;gradient&quot;,&quot;gradient&quot;:&quot;&quot;,&quot;opacity&quot;:1}\" class=\"fg-bg-layer fg-bg-type-gradient \" style=\"opacity: 1; \"><\/span><span data-fg-bg=\"{&quot;type&quot;:&quot;image&quot;,&quot;opacity&quot;:1,&quot;url&quot;:&quot;&quot;,&quot;size&quot;:&quot;cover&quot;,&quot;repeat&quot;:&quot;no-repeat&quot;,&quot;attachment&quot;:&quot;scroll&quot;,&quot;position&quot;:&quot;center center&quot;}\" class=\"fg-bg-layer fg-bg-type-image \" style=\"opacity: 1; background-image: url(&quot;&quot;); background-repeat: no-repeat; background-attachment: scroll; background-position: center center; background-size: cover;\"><\/span><span data-fg-bg=\"{&quot;type&quot;:&quot;video&quot;,&quot;opacity&quot;:1,&quot;variant&quot;:&quot;youtube&quot;,&quot;url&quot;:&quot;&quot;,&quot;width&quot;:16,&quot;height&quot;:9,&quot;shield&quot;:&quot;on&quot;}\" class=\"fg-bg-layer fg-bg-type-video \" data-freshgrid=\"{&quot;type&quot;:&quot;video&quot;,&quot;opacity&quot;:1,&quot;variant&quot;:&quot;youtube&quot;,&quot;url&quot;:&quot;&quot;,&quot;width&quot;:16,&quot;height&quot;:9,&quot;shield&quot;:&quot;on&quot;}\"><\/span><span data-fg-bg=\"{&quot;type&quot;:&quot;slant&quot;,&quot;opacity&quot;:1,&quot;color&quot;:&quot;#ffffff&quot;,&quot;edge&quot;:&quot;top&quot;,&quot;direction&quot;:&quot;up&quot;,&quot;angle&quot;:15}\" class=\"fg-bg-layer fg-bg-type-slant \" style=\"opacity: 1\"><\/span><span data-fg-bg=\"{&quot;type&quot;:&quot;parallax&quot;,&quot;url&quot;:&quot;&quot;,&quot;opacity&quot;:1,&quot;width&quot;:&quot;&quot;,&quot;height&quot;:&quot;&quot;,&quot;speed&quot;:50,&quot;size&quot;:&quot;cover&quot;,&quot;offset_h&quot;:50,&quot;offset_v&quot;:50}\" class=\"fg-bg-layer fg-bg-type-parallax \" style=\"opacity: 1; background-image: url(&quot;&quot;);\"><\/span><\/span><p class=\"ffb-id-6unp1ceb fg-paragraph text-left    fg-text-dark\">Lorem ipsum dolor sit amet, consectetur adipiscing elit. Duis sed cursus sapien, vitae fringilla sem. Duis convallis vel nunc at laoreet.<\/p><p class=\"ffb-id-6unp1cec fg-paragraph text-left    fg-text-dark\">Lorem ipsum dolor sit amet, consectetur adipiscing elit. Duis sed cursus sapien, vitae fringilla sem. Duis convallis vel nunc at laoreet.<\/p><\/div><\/div><\/div><\/section><style>ffb-id-6unp1cea{ margin-top: ;margin-right: ;margin-bottom: ;margin-left: ;padding-top: ;padding-right: ;padding-bottom: ;padding-left: ;}@media (min-width:768px) { ffb-id-6unp1cea{ margin-top: ;margin-right: ;margin-bottom: ;margin-left: ;padding-top: ;padding-right: ;padding-bottom: ;padding-left: ;}}@media (min-width:992px) { ffb-id-6unp1cea{ margin-top: ;margin-right: ;margin-bottom: ;margin-left: ;padding-top: ;padding-right: ;padding-bottom: ;padding-left: ;}}@media (min-width:1200px) { ffb-id-6unp1cea{ margin-top: ;margin-right: ;margin-bottom: ;margin-left: ;padding-top: ;padding-right: ;padding-bottom: ;padding-left: ;}}ffb-id-6unp1cea{ border-all: 1px solid rgba(128,128,128,0.4) !important;}ffb-id-6unp1cea{ box-shadow: 0px 3px 5px 0px rgba(0,0,0,0.18);}ffb-id-6unp1cea{ border-radius:     !important;}{ border: 10px solid red !important;}ffb-id-5u5g35gu{ margin-top: ;margin-right: ;margin-bottom: ;margin-left: ;padding-top: ;padding-right: ;padding-bottom: ;padding-left: ;}@media (min-width:768px) { ffb-id-5u5g35gu{ margin-top: ;margin-right: ;margin-bottom: ;margin-left: ;padding-top: ;padding-right: ;padding-bottom: ;padding-left: ;}}@media (min-width:992px) { ffb-id-5u5g35gu{ margin-top: ;margin-right: ;margin-bottom: ;margin-left: ;padding-top: ;padding-right: ;padding-bottom: ;padding-left: ;}}@media (min-width:1200px) { ffb-id-5u5g35gu{ margin-top: ;margin-right: ;margin-bottom: ;margin-left: ;padding-top: ;padding-right: ;padding-bottom: ;padding-left: ;}}ffb-id-5u5g35gu{ border-all: 1px solid rgba(128,128,128,0.4) !important;}ffb-id-5u5g35gu{ box-shadow: 0px 3px 5px 0px rgba(0,0,0,0.18);}ffb-id-5u5g35gu{ border-radius:     !important;}{ border: 10px solid red !important;}<\/style><script type=\"text\/javascript\">(function($){\njQuery(document).ready(function($) { \n$('ffb-id-6unp1cea').css('background','red');\n});\n\n})(jQuery);\n(function($){\njQuery(document).ready(function($) { \n$('ffb-id-5u5g35gu').css('background','red');\n});\n\n})(jQuery);\n<\/script><section class=\"ffb-id-6unpmcmi fg-section fg-text-dark\"><div class=\"fg-container container fg-container-large fg-container-lvl--1 \"><div class=\"fg-row row    \" ><div class=\"ffb-id-6unpmcmj fg-col col-xs-12 col-md-4 fg-el-has-bg fg-temp-height fg-text-dark\" data-fg-force-min-height=\"{&quot;breakpoint_1&quot;:{&quot;height&quot;:&quot;&quot;,&quot;offset&quot;:&quot;&quot;},&quot;breakpoint_2&quot;:{&quot;height&quot;:&quot;&quot;,&quot;offset&quot;:&quot;&quot;},&quot;breakpoint_3&quot;:{&quot;height&quot;:&quot;&quot;,&quot;offset&quot;:&quot;&quot;},&quot;breakpoint_4&quot;:{&quot;height&quot;:&quot;&quot;,&quot;offset&quot;:&quot;&quot;}}\" ><span class=\"fg-bg\"><span data-fg-bg=\"{&quot;type&quot;:&quot;color&quot;,&quot;opacity&quot;:1,&quot;color&quot;:&quot;#f7f8fa&quot;}\" class=\"fg-bg-layer fg-bg-type-color \" style=\"opacity: 1; background-color: #f7f8fa;\"><\/span><span data-fg-bg=\"{&quot;type&quot;:&quot;gradient&quot;,&quot;gradient&quot;:&quot;&quot;,&quot;opacity&quot;:1}\" class=\"fg-bg-layer fg-bg-type-gradient \" style=\"opacity: 1; \"><\/span><span data-fg-bg=\"{&quot;type&quot;:&quot;image&quot;,&quot;opacity&quot;:1,&quot;url&quot;:&quot;&quot;,&quot;size&quot;:&quot;cover&quot;,&quot;repeat&quot;:&quot;no-repeat&quot;,&quot;attachment&quot;:&quot;scroll&quot;,&quot;position&quot;:&quot;center center&quot;}\" class=\"fg-bg-layer fg-bg-type-image \" style=\"opacity: 1; background-image: url(&quot;&quot;); background-repeat: no-repeat; background-attachment: scroll; background-position: center center; background-size: cover;\"><\/span><span data-fg-bg=\"{&quot;type&quot;:&quot;video&quot;,&quot;opacity&quot;:1,&quot;variant&quot;:&quot;youtube&quot;,&quot;url&quot;:&quot;&quot;,&quot;width&quot;:16,&quot;height&quot;:9,&quot;shield&quot;:&quot;on&quot;}\" class=\"fg-bg-layer fg-bg-type-video \" data-freshgrid=\"{&quot;type&quot;:&quot;video&quot;,&quot;opacity&quot;:1,&quot;variant&quot;:&quot;youtube&quot;,&quot;url&quot;:&quot;&quot;,&quot;width&quot;:16,&quot;height&quot;:9,&quot;shield&quot;:&quot;on&quot;}\"><\/span><span data-fg-bg=\"{&quot;type&quot;:&quot;slant&quot;,&quot;opacity&quot;:1,&quot;color&quot;:&quot;#ffffff&quot;,&quot;edge&quot;:&quot;top&quot;,&quot;direction&quot;:&quot;up&quot;,&quot;angle&quot;:15}\" class=\"fg-bg-layer fg-bg-type-slant \" style=\"opacity: 1\"><\/span><span data-fg-bg=\"{&quot;type&quot;:&quot;parallax&quot;,&quot;url&quot;:&quot;&quot;,&quot;opacity&quot;:1,&quot;width&quot;:&quot;&quot;,&quot;height&quot;:&quot;&quot;,&quot;speed&quot;:50,&quot;size&quot;:&quot;cover&quot;,&quot;offset_h&quot;:50,&quot;offset_v&quot;:50}\" class=\"fg-bg-layer fg-bg-type-parallax \" style=\"opacity: 1; background-image: url(&quot;&quot;);\"><\/span><\/span><p class=\"ffb-id-6unq0qve fg-paragraph text-left    fg-text-dark\">Lorem ipsum dolor sit amet, consectetur adipiscing elit. Duis sed cursus sapien, vitae fringilla sem. Duis convallis vel nunc at laoreet.<\/p><p class=\"ffb-id-6unpvdmt fg-paragraph text-left    fg-text-dark\">Lorem ipsum dolor sit amet, consectetur adipiscing elit. Duis sed cursus sapien, vitae fringilla sem. Duis convallis vel nunc at laoreet.<\/p><div class=\"ffb-id-6unpmodb fg-video fg-text-dark\"><\/div><\/div><\/div><\/div><\/section><style>ffb-id-6unp1cea{ \nmargin-top: ;\nmargin-right: ;\nmargin-bottom: ;\nmargin-left: ;\npadding-top: ;\npadding-right: ;\npadding-bottom: ;\npadding-left: ;\n\n}\n@media (min-width:768px) { \nffb-id-6unp1cea{ \nmargin-top: ;\nmargin-right: ;\nmargin-bottom: ;\nmargin-left: ;\npadding-top: ;\npadding-right: ;\npadding-bottom: ;\npadding-left: ;\n\n}\n}@media (min-width:992px) { \nffb-id-6unp1cea{ \nmargin-top: ;\nmargin-right: ;\nmargin-bottom: ;\nmargin-left: ;\npadding-top: ;\npadding-right: ;\npadding-bottom: ;\npadding-left: ;\n\n}\n}@media (min-width:1200px) { \nffb-id-6unp1cea{ \nmargin-top: ;\nmargin-right: ;\nmargin-bottom: ;\nmargin-left: ;\npadding-top: ;\npadding-right: ;\npadding-bottom: ;\npadding-left: ;\n\n}\n}ffb-id-6unp1cea{ \nborder-all: 1px solid rgba(128,128,128,0.4) !important;\n\n}\nffb-id-6unp1cea{ \nbox-shadow: 0px 3px 5px 0px rgba(0,0,0,0.18);\n\n}\nffb-id-6unp1cea{ \nborder-radius:     !important;\n}\n{ \nborder: 10px solid red !important;\n}\nffb-id-5u5g35gu{ \nmargin-top: ;\nmargin-right: ;\nmargin-bottom: ;\nmargin-left: ;\npadding-top: ;\npadding-right: ;\npadding-bottom: ;\npadding-left: ;\n\n}\n@media (min-width:768px) { \nffb-id-5u5g35gu{ \nmargin-top: ;\nmargin-right: ;\nmargin-bottom: ;\nmargin-left: ;\npadding-top: ;\npadding-right: ;\npadding-bottom: ;\npadding-left: ;\n\n}\n}@media (min-width:992px) { \nffb-id-5u5g35gu{ \nmargin-top: ;\nmargin-right: ;\nmargin-bottom: ;\nmargin-left: ;\npadding-top: ;\npadding-right: ;\npadding-bottom: ;\npadding-left: ;\n\n}\n}@media (min-width:1200px) { \nffb-id-5u5g35gu{ \nmargin-top: ;\nmargin-right: ;\nmargin-bottom: ;\nmargin-left: ;\npadding-top: ;\npadding-right: ;\npadding-bottom: ;\npadding-left: ;\n\n}\n}ffb-id-5u5g35gu{ \nborder-all: 1px solid rgba(128,128,128,0.4) !important;\n\n}\nffb-id-5u5g35gu{ \nbox-shadow: 0px 3px 5px 0px rgba(0,0,0,0.18);\n\n}\nffb-id-5u5g35gu{ \nborder-radius:     !important;\n}\n{ \nborder: 10px solid red !important;\n}\nffb-id-6unpmcmj{ margin-top: ;margin-right: ;margin-bottom: ;margin-left: ;padding-top: ;padding-right: ;padding-bottom: ;padding-left: ;}@media (min-width:768px) { ffb-id-6unpmcmj{ margin-top: ;margin-right: ;margin-bottom: ;margin-left: ;padding-top: ;padding-right: ;padding-bottom: ;padding-left: ;}}@media (min-width:992px) { ffb-id-6unpmcmj{ margin-top: ;margin-right: ;margin-bottom: ;margin-left: ;padding-top: ;padding-right: ;padding-bottom: ;padding-left: ;}}@media (min-width:1200px) { ffb-id-6unpmcmj{ margin-top: ;margin-right: ;margin-bottom: ;margin-left: ;padding-top: ;padding-right: ;padding-bottom: ;padding-left: ;}}ffb-id-6unpmcmj{ border-all: 1px solid rgba(128,128,128,0.4) !important;}ffb-id-6unpmcmj{ box-shadow: 0px 3px 5px 0px rgba(0,0,0,0.18);}ffb-id-6unpmcmj{ border-radius:     !important;}{ border: 10px solid red !important;}<\/style><script type=\"text\/javascript\">(function($){\njQuery(document).ready(function($) { \n$('ffb-id-6unp1cea').css('background','red');\n});\n\n})(jQuery);\n(function($){\njQuery(document).ready(function($) { \n$('ffb-id-5u5g35gu').css('background','red');\n});\n\n})(jQuery);\n(function($){\njQuery(document).ready(function($) { \n$('ffb-id-6unpmcmj').css('background','red');\n});\n\n})(jQuery);\n<\/script><\/p>\n","protected":false},"excerpt":{"rendered":"<p>Nuestros Insignia de metal sin color pueden ser personalizados en cualquier dise\u00f1o, tama\u00f1o y forma. Estos Pines de Solapa Troquelados no est\u00e1n rellenados con colores de esmalte, por lo que capturan la atenci\u00f3n a trav\u00e9s de sus dise\u00f1os intrincados y su apariencia elegante. La ausencia de colores de esmalte permite que la belleza de la textura del metal resplandezca, haciendo una declaraci\u00f3n audaz sin necesidad de tonos vibrantes. Tambi\u00e9n aceptamos pines de fundici\u00f3n a presi\u00f3n personalizados en cualquier color de chapado para que tu dise\u00f1o destaque. Eleva tu estilo y deja una impresi\u00f3n duradera con estos cl\u00e1sicos pines de solapa que resisten la prueba del tiempo.<\/p>\n","protected":false},"featured_media":21384,"template":"","meta":{"_acf_changed":false,"inline_featured_image":false},"product_brand":[],"product_cat":[247],"product_tag":[],"class_list":{"0":"post-14215","1":"product","2":"type-product","3":"status-publish","4":"has-post-thumbnail","6":"product_cat-custom-pins","7":"post-wrapper","9":"first","10":"instock","11":"shipping-taxable","12":"product-type-simple"},"acf":[],"_links":{"self":[{"href":"https:\/\/js-pins.com\/es\/wp-json\/wp\/v2\/product\/14215","targetHints":{"allow":["GET"]}}],"collection":[{"href":"https:\/\/js-pins.com\/es\/wp-json\/wp\/v2\/product"}],"about":[{"href":"https:\/\/js-pins.com\/es\/wp-json\/wp\/v2\/types\/product"}],"wp:featuredmedia":[{"embeddable":true,"href":"https:\/\/js-pins.com\/es\/wp-json\/wp\/v2\/media\/21384"}],"wp:attachment":[{"href":"https:\/\/js-pins.com\/es\/wp-json\/wp\/v2\/media?parent=14215"}],"wp:term":[{"taxonomy":"product_brand","embeddable":true,"href":"https:\/\/js-pins.com\/es\/wp-json\/wp\/v2\/product_brand?post=14215"},{"taxonomy":"product_cat","embeddable":true,"href":"https:\/\/js-pins.com\/es\/wp-json\/wp\/v2\/product_cat?post=14215"},{"taxonomy":"product_tag","embeddable":true,"href":"https:\/\/js-pins.com\/es\/wp-json\/wp\/v2\/product_tag?post=14215"}],"curies":[{"name":"wp","href":"https:\/\/api.w.org\/{rel}","templated":true}]}}