{"id":14492,"date":"2022-06-23T17:25:47","date_gmt":"2022-06-23T09:25:47","guid":{"rendered":"https:\/\/js-pins.com\/product\/custom-designed-religious-rings\/"},"modified":"2024-12-26T16:49:13","modified_gmt":"2024-12-26T08:49:13","slug":"custom-designed-religious-rings","status":"publish","type":"product","link":"https:\/\/js-pins.com\/es\/product\/custom-designed-religious-rings\/","title":{"rendered":"Anillos Religiosos Dise\u00f1ados a Medida"},"content":{"rendered":"<section class=\"ffb-id-5u5g274h fg-section fg-text-dark\"><div class=\"fg-container container fg-container-large fg-container-lvl--1 \"><div class=\"fg-row row    \" ><div class=\"ffb-id-5u5g35gu fg-col col-xs-12 col-md-4 fg-el-has-bg fg-temp-height fg-text-dark\" data-fg-force-min-height=\"{&quot;breakpoint_1&quot;:{&quot;height&quot;:&quot;&quot;,&quot;offset&quot;:&quot;&quot;},&quot;breakpoint_2&quot;:{&quot;height&quot;:&quot;&quot;,&quot;offset&quot;:&quot;&quot;},&quot;breakpoint_3&quot;:{&quot;height&quot;:&quot;&quot;,&quot;offset&quot;:&quot;&quot;},&quot;breakpoint_4&quot;:{&quot;height&quot;:&quot;&quot;,&quot;offset&quot;:&quot;&quot;}}\" ><span class=\"fg-bg\"><span data-fg-bg=\"{&quot;type&quot;:&quot;color&quot;,&quot;opacity&quot;:1,&quot;color&quot;:&quot;#f7f8fa&quot;}\" class=\"fg-bg-layer fg-bg-type-color \" style=\"opacity: 1; background-color: #f7f8fa;\"><\/span><span data-fg-bg=\"{&quot;type&quot;:&quot;gradient&quot;,&quot;gradient&quot;:&quot;&quot;,&quot;opacity&quot;:1}\" class=\"fg-bg-layer fg-bg-type-gradient \" style=\"opacity: 1; \"><\/span><span data-fg-bg=\"{&quot;type&quot;:&quot;image&quot;,&quot;opacity&quot;:1,&quot;url&quot;:&quot;&quot;,&quot;size&quot;:&quot;cover&quot;,&quot;repeat&quot;:&quot;no-repeat&quot;,&quot;attachment&quot;:&quot;scroll&quot;,&quot;position&quot;:&quot;center center&quot;}\" class=\"fg-bg-layer fg-bg-type-image \" style=\"opacity: 1; background-image: url(&quot;&quot;); background-repeat: no-repeat; background-attachment: scroll; background-position: center center; background-size: cover;\"><\/span><span data-fg-bg=\"{&quot;type&quot;:&quot;video&quot;,&quot;opacity&quot;:1,&quot;variant&quot;:&quot;youtube&quot;,&quot;url&quot;:&quot;&quot;,&quot;width&quot;:16,&quot;height&quot;:9,&quot;shield&quot;:&quot;on&quot;}\" class=\"fg-bg-layer fg-bg-type-video \" data-freshgrid=\"{&quot;type&quot;:&quot;video&quot;,&quot;opacity&quot;:1,&quot;variant&quot;:&quot;youtube&quot;,&quot;url&quot;:&quot;&quot;,&quot;width&quot;:16,&quot;height&quot;:9,&quot;shield&quot;:&quot;on&quot;}\"><\/span><span data-fg-bg=\"{&quot;type&quot;:&quot;slant&quot;,&quot;opacity&quot;:1,&quot;color&quot;:&quot;#ffffff&quot;,&quot;edge&quot;:&quot;top&quot;,&quot;direction&quot;:&quot;up&quot;,&quot;angle&quot;:15}\" class=\"fg-bg-layer fg-bg-type-slant \" style=\"opacity: 1\"><\/span><span data-fg-bg=\"{&quot;type&quot;:&quot;parallax&quot;,&quot;url&quot;:&quot;&quot;,&quot;opacity&quot;:1,&quot;width&quot;:&quot;&quot;,&quot;height&quot;:&quot;&quot;,&quot;speed&quot;:50,&quot;size&quot;:&quot;cover&quot;,&quot;offset_h&quot;:50,&quot;offset_v&quot;:50}\" class=\"fg-bg-layer fg-bg-type-parallax \" style=\"opacity: 1; background-image: url(&quot;&quot;);\"><\/span><\/span><p class=\"ffb-id-5u5g41eh fg-paragraph text-left    fg-text-dark\">Lorem ipsum dolor sit amet, consectetur adipiscing elit. Duis sed cursus sapien, vitae fringilla sem. Duis convallis vel nunc at laoreet.<\/p><p class=\"ffb-id-5u5g4odm fg-paragraph text-left    fg-text-dark\">Lorem ipsum dolor sit amet, consectetur adipiscing elit. Duis sed cursus sapien, vitae fringilla sem. Duis convallis vel nunc at laoreet.<\/p><\/div><div class=\"ffb-id-5u7c7ubk fg-col col-xs-12 col-md-4 fg-el-has-bg fg-temp-height fg-text-dark\" data-fg-force-min-height=\"{&quot;breakpoint_1&quot;:{&quot;height&quot;:&quot;&quot;,&quot;offset&quot;:&quot;&quot;},&quot;breakpoint_2&quot;:{&quot;height&quot;:&quot;&quot;,&quot;offset&quot;:&quot;&quot;},&quot;breakpoint_3&quot;:{&quot;height&quot;:&quot;&quot;,&quot;offset&quot;:&quot;&quot;},&quot;breakpoint_4&quot;:{&quot;height&quot;:&quot;&quot;,&quot;offset&quot;:&quot;&quot;}}\" ><span class=\"fg-bg\"><span data-fg-bg=\"{&quot;type&quot;:&quot;color&quot;,&quot;opacity&quot;:1,&quot;color&quot;:&quot;#f7f8fa&quot;}\" class=\"fg-bg-layer fg-bg-type-color \" style=\"opacity: 1; background-color: #f7f8fa;\"><\/span><span data-fg-bg=\"{&quot;type&quot;:&quot;gradient&quot;,&quot;gradient&quot;:&quot;&quot;,&quot;opacity&quot;:1}\" class=\"fg-bg-layer fg-bg-type-gradient \" style=\"opacity: 1; \"><\/span><span data-fg-bg=\"{&quot;type&quot;:&quot;image&quot;,&quot;opacity&quot;:1,&quot;url&quot;:&quot;&quot;,&quot;size&quot;:&quot;cover&quot;,&quot;repeat&quot;:&quot;no-repeat&quot;,&quot;attachment&quot;:&quot;scroll&quot;,&quot;position&quot;:&quot;center center&quot;}\" class=\"fg-bg-layer fg-bg-type-image \" style=\"opacity: 1; background-image: url(&quot;&quot;); background-repeat: no-repeat; background-attachment: scroll; background-position: center center; background-size: cover;\"><\/span><span data-fg-bg=\"{&quot;type&quot;:&quot;video&quot;,&quot;opacity&quot;:1,&quot;variant&quot;:&quot;youtube&quot;,&quot;url&quot;:&quot;&quot;,&quot;width&quot;:16,&quot;height&quot;:9,&quot;shield&quot;:&quot;on&quot;}\" class=\"fg-bg-layer fg-bg-type-video \" data-freshgrid=\"{&quot;type&quot;:&quot;video&quot;,&quot;opacity&quot;:1,&quot;variant&quot;:&quot;youtube&quot;,&quot;url&quot;:&quot;&quot;,&quot;width&quot;:16,&quot;height&quot;:9,&quot;shield&quot;:&quot;on&quot;}\"><\/span><span data-fg-bg=\"{&quot;type&quot;:&quot;slant&quot;,&quot;opacity&quot;:1,&quot;color&quot;:&quot;#ffffff&quot;,&quot;edge&quot;:&quot;top&quot;,&quot;direction&quot;:&quot;up&quot;,&quot;angle&quot;:15}\" class=\"fg-bg-layer fg-bg-type-slant \" style=\"opacity: 1\"><\/span><span data-fg-bg=\"{&quot;type&quot;:&quot;parallax&quot;,&quot;url&quot;:&quot;&quot;,&quot;opacity&quot;:1,&quot;width&quot;:&quot;&quot;,&quot;height&quot;:&quot;&quot;,&quot;speed&quot;:50,&quot;size&quot;:&quot;cover&quot;,&quot;offset_h&quot;:50,&quot;offset_v&quot;:50}\" class=\"fg-bg-layer fg-bg-type-parallax \" style=\"opacity: 1; background-image: url(&quot;&quot;);\"><\/span><\/span><img loading=\"lazy\" decoding=\"async\" class=\"ffb-id-5u7c8dh6 fg-image  img-responsive full-width fg-text-dark\" width=\"970\" height=\"647\" src=\"https:\/\/js-pins.com\/wp-content\/themes\/ark\/builder\/placeholders\/14-2.jpg\" alt=\"\"><p class=\"ffb-id-5uan36ov fg-paragraph text-left    fg-text-dark\">Lorem ipsum dolor sit amet, consectetur adipiscing elit. Duis sed cursus sapien, vitae fringilla sem. Duis convallis vel nunc at laoreet.<\/p><p class=\"ffb-id-5uamrpk7 fg-paragraph text-left    fg-text-dark\">Lorem ipsum dolor sit amet, consectetur adipiscing elit. Duis sed cursus sapien, vitae fringilla sem. Duis convallis vel nunc at laoreet.<\/p><img loading=\"lazy\" decoding=\"async\" class=\"ffb-id-5uamp0so fg-image  img-responsive full-width fg-text-dark\" width=\"970\" height=\"647\" src=\"https:\/\/js-pins.com\/wp-content\/themes\/ark\/builder\/placeholders\/14-2.jpg\" alt=\"\"><p class=\"ffb-id-5uan6qen fg-paragraph text-left    fg-text-dark\">Lorem ipsum dolor sit amet, consectetur adipiscing elit. Duis sed cursus sapien, vitae fringilla sem. Duis convallis vel nunc at laoreet.<\/p><p class=\"ffb-id-5uan7ue7 fg-paragraph text-left    fg-text-dark\">Lorem ipsum dolor sit amet, consectetur adipiscing elit. Duis sed cursus sapien, vitae fringilla sem. Duis convallis vel nunc at laoreet.<\/p><img loading=\"lazy\" decoding=\"async\" class=\"ffb-id-5uan94rn fg-image  img-responsive full-width fg-text-dark\" width=\"970\" height=\"647\" src=\"https:\/\/js-pins.com\/wp-content\/themes\/ark\/builder\/placeholders\/14-2.jpg\" alt=\"\"><p class=\"ffb-id-5uamn9ff fg-paragraph text-left    fg-text-dark\">Lorem ipsum dolor sit amet, consectetur adipiscing elit. Duis sed cursus sapien, vitae fringilla sem. Duis convallis vel nunc at laoreet.<\/p><p class=\"ffb-id-5uamvoqv fg-paragraph text-left    fg-text-dark\">Lorem ipsum dolor sit amet, consectetur adipiscing elit. Duis sed cursus sapien, vitae fringilla sem. Duis convallis vel nunc at laoreet.<\/p><img loading=\"lazy\" decoding=\"async\" class=\"ffb-id-5uan5f4v fg-image  img-responsive full-width fg-text-dark\" width=\"970\" height=\"647\" src=\"https:\/\/js-pins.com\/wp-content\/themes\/ark\/builder\/placeholders\/14-2.jpg\" alt=\"\"><\/div><\/div><\/div><\/section><style>ffb-id-5u7c7ubk{ margin-top: ;margin-right: ;margin-bottom: ;margin-left: ;padding-top: ;padding-right: ;padding-bottom: ;padding-left: ;}@media (min-width:768px) { ffb-id-5u7c7ubk{ margin-top: ;margin-right: ;margin-bottom: ;margin-left: ;padding-top: ;padding-right: ;padding-bottom: ;padding-left: ;}}@media (min-width:992px) { ffb-id-5u7c7ubk{ margin-top: ;margin-right: ;margin-bottom: ;margin-left: ;padding-top: ;padding-right: ;padding-bottom: ;padding-left: ;}}@media (min-width:1200px) { ffb-id-5u7c7ubk{ margin-top: ;margin-right: ;margin-bottom: ;margin-left: ;padding-top: ;padding-right: ;padding-bottom: ;padding-left: ;}}ffb-id-5u7c7ubk{ border-all: 1px solid rgba(128,128,128,0.4) !important;}ffb-id-5u7c7ubk{ box-shadow: 0px 3px 5px 0px rgba(0,0,0,0.18);}ffb-id-5u7c7ubk{ border-radius:     !important;}{ border: 10px solid red !important;}ffb-id-5u5g35gu{ margin-top: ;margin-right: ;margin-bottom: ;margin-left: ;padding-top: ;padding-right: ;padding-bottom: ;padding-left: ;}@media (min-width:768px) { ffb-id-5u5g35gu{ margin-top: ;margin-right: ;margin-bottom: ;margin-left: ;padding-top: ;padding-right: ;padding-bottom: ;padding-left: ;}}@media (min-width:992px) { ffb-id-5u5g35gu{ margin-top: ;margin-right: ;margin-bottom: ;margin-left: ;padding-top: ;padding-right: ;padding-bottom: ;padding-left: ;}}@media (min-width:1200px) { ffb-id-5u5g35gu{ margin-top: ;margin-right: ;margin-bottom: ;margin-left: ;padding-top: ;padding-right: ;padding-bottom: ;padding-left: ;}}ffb-id-5u5g35gu{ border-all: 1px solid rgba(128,128,128,0.4) !important;}ffb-id-5u5g35gu{ box-shadow: 0px 3px 5px 0px rgba(0,0,0,0.18);}ffb-id-5u5g35gu{ border-radius:     !important;}{ border: 10px solid red !important;}<\/style><script type=\"text\/javascript\">(function($){\njQuery(document).ready(function($) { \n$('ffb-id-5u7c7ubk').css('background','red');\n});\n\n})(jQuery);\n(function($){\njQuery(document).ready(function($) { \n$('ffb-id-5u5g35gu').css('background','red');\n});\n\n})(jQuery);\n<\/script>\n","protected":false},"excerpt":{"rendered":"<p>\u00bfEst\u00e1s buscando anillos de fe grabados, anillos religiosos personalizados o anillos de creencias para tu religi\u00f3n? Jin Sheu Enterprise ofrece anillos grabados a medida, anillos personalizados, anillos de sello personalizados y anillos personalizados con textos de fe en plata esterlina, acero inoxidable, lat\u00f3n u otros materiales. Dise\u00f1a un anillo que refleje el papel que juega tu fe en tu vida. Ya sea que optes por un aspecto en la tradici\u00f3n eclesi\u00e1stica de grandes anillos episcopales con gemas o prefieras un dise\u00f1o m\u00e1s personal con iconos y s\u00edmbolos religiosos que reflejen tu fe, nuestro equipo te ayudar\u00e1 a dise\u00f1ar un anillo personal para representar tu fe.<\/p>\n","protected":false},"featured_media":8192,"template":"","meta":{"_acf_changed":false,"inline_featured_image":false},"product_brand":[],"product_cat":[250],"product_tag":[],"class_list":{"0":"post-14492","1":"product","2":"type-product","3":"status-publish","4":"has-post-thumbnail","6":"product_cat-religious-souvenirs","7":"post-wrapper","9":"first","10":"instock","11":"shipping-taxable","12":"product-type-simple"},"acf":[],"_links":{"self":[{"href":"https:\/\/js-pins.com\/es\/wp-json\/wp\/v2\/product\/14492","targetHints":{"allow":["GET"]}}],"collection":[{"href":"https:\/\/js-pins.com\/es\/wp-json\/wp\/v2\/product"}],"about":[{"href":"https:\/\/js-pins.com\/es\/wp-json\/wp\/v2\/types\/product"}],"wp:featuredmedia":[{"embeddable":true,"href":"https:\/\/js-pins.com\/es\/wp-json\/wp\/v2\/media\/8192"}],"wp:attachment":[{"href":"https:\/\/js-pins.com\/es\/wp-json\/wp\/v2\/media?parent=14492"}],"wp:term":[{"taxonomy":"product_brand","embeddable":true,"href":"https:\/\/js-pins.com\/es\/wp-json\/wp\/v2\/product_brand?post=14492"},{"taxonomy":"product_cat","embeddable":true,"href":"https:\/\/js-pins.com\/es\/wp-json\/wp\/v2\/product_cat?post=14492"},{"taxonomy":"product_tag","embeddable":true,"href":"https:\/\/js-pins.com\/es\/wp-json\/wp\/v2\/product_tag?post=14492"}],"curies":[{"name":"wp","href":"https:\/\/api.w.org\/{rel}","templated":true}]}}