{"id":14496,"date":"2022-06-17T17:35:07","date_gmt":"2022-06-17T09:35:07","guid":{"rendered":"https:\/\/js-pins.com\/product\/custom-religious-pins\/"},"modified":"2024-12-25T11:50:34","modified_gmt":"2024-12-25T03:50:34","slug":"custom-religious-pins","status":"publish","type":"product","link":"https:\/\/js-pins.com\/es\/product\/custom-religious-pins\/","title":{"rendered":"Insignias Religiosas Personalizadas"},"content":{"rendered":"<p><section class=\"ffb-id-5r42mug9 fg-section fg-text-dark\"><div class=\"fg-container container fg-container-large fg-container-lvl--1 \"><div class=\"fg-row row    \" ><div class=\"ffb-id-5r42muga fg-col col-xs-12 col-md-4 fg-el-has-bg fg-temp-height fg-text-dark\" data-fg-force-min-height=\"{&quot;breakpoint_1&quot;:{&quot;height&quot;:&quot;&quot;,&quot;offset&quot;:&quot;&quot;},&quot;breakpoint_2&quot;:{&quot;height&quot;:&quot;&quot;,&quot;offset&quot;:&quot;&quot;},&quot;breakpoint_3&quot;:{&quot;height&quot;:&quot;&quot;,&quot;offset&quot;:&quot;&quot;},&quot;breakpoint_4&quot;:{&quot;height&quot;:&quot;&quot;,&quot;offset&quot;:&quot;&quot;}}\" ><span class=\"fg-bg\"><span data-fg-bg=\"{&quot;type&quot;:&quot;color&quot;,&quot;opacity&quot;:1,&quot;color&quot;:&quot;#f7f8fa&quot;}\" class=\"fg-bg-layer fg-bg-type-color \" style=\"opacity: 1; background-color: #f7f8fa;\"><\/span><span data-fg-bg=\"{&quot;type&quot;:&quot;gradient&quot;,&quot;gradient&quot;:&quot;&quot;,&quot;opacity&quot;:1}\" class=\"fg-bg-layer fg-bg-type-gradient \" style=\"opacity: 1; \"><\/span><span data-fg-bg=\"{&quot;type&quot;:&quot;image&quot;,&quot;opacity&quot;:1,&quot;url&quot;:&quot;&quot;,&quot;size&quot;:&quot;cover&quot;,&quot;repeat&quot;:&quot;no-repeat&quot;,&quot;attachment&quot;:&quot;scroll&quot;,&quot;position&quot;:&quot;center center&quot;}\" class=\"fg-bg-layer fg-bg-type-image \" style=\"opacity: 1; background-image: url(&quot;&quot;); background-repeat: no-repeat; background-attachment: scroll; background-position: center center; background-size: cover;\"><\/span><span data-fg-bg=\"{&quot;type&quot;:&quot;video&quot;,&quot;opacity&quot;:1,&quot;variant&quot;:&quot;youtube&quot;,&quot;url&quot;:&quot;&quot;,&quot;width&quot;:16,&quot;height&quot;:9,&quot;shield&quot;:&quot;on&quot;}\" class=\"fg-bg-layer fg-bg-type-video \" data-freshgrid=\"{&quot;type&quot;:&quot;video&quot;,&quot;opacity&quot;:1,&quot;variant&quot;:&quot;youtube&quot;,&quot;url&quot;:&quot;&quot;,&quot;width&quot;:16,&quot;height&quot;:9,&quot;shield&quot;:&quot;on&quot;}\"><\/span><span data-fg-bg=\"{&quot;type&quot;:&quot;slant&quot;,&quot;opacity&quot;:1,&quot;color&quot;:&quot;#ffffff&quot;,&quot;edge&quot;:&quot;top&quot;,&quot;direction&quot;:&quot;up&quot;,&quot;angle&quot;:15}\" class=\"fg-bg-layer fg-bg-type-slant \" style=\"opacity: 1\"><\/span><span data-fg-bg=\"{&quot;type&quot;:&quot;parallax&quot;,&quot;url&quot;:&quot;&quot;,&quot;opacity&quot;:1,&quot;width&quot;:&quot;&quot;,&quot;height&quot;:&quot;&quot;,&quot;speed&quot;:50,&quot;size&quot;:&quot;cover&quot;,&quot;offset_h&quot;:50,&quot;offset_v&quot;:50}\" class=\"fg-bg-layer fg-bg-type-parallax \" style=\"opacity: 1; background-image: url(&quot;&quot;);\"><\/span><\/span><h2 class=\"ffb-id-5r42nrja fg-heading text-center    fg-text-dark\">Big Heading<\/h2><p class=\"ffb-id-5r5nq28f fg-paragraph text-left    fg-text-dark\">Lorem ipsum dolor sit amet, consectetur adipiscing elit. Duis sed cursus sapien, vitae fringilla sem. Duis convallis vel nunc at laoreet.<\/p><img loading=\"lazy\" decoding=\"async\" class=\"ffb-id-5tqerulf fg-image  img-responsive full-width fg-text-dark\" width=\"970\" height=\"647\" src=\"https:\/\/js-pins.com\/wp-content\/themes\/ark\/builder\/placeholders\/14-2.jpg\" alt=\"\"><h2 class=\"ffb-id-5tr8hkj3 fg-heading text-center    fg-text-dark\">Big Heading<\/h2><p class=\"ffb-id-5tr8ivsr fg-paragraph text-left    fg-text-dark\">Lorem ipsum dolor sit amet, consectetur adipiscing elit. Duis sed cursus sapien, vitae fringilla sem. Duis convallis vel nunc at laoreet.<\/p><img loading=\"lazy\" decoding=\"async\" class=\"ffb-id-5tqf936h fg-image  img-responsive full-width fg-text-dark\" width=\"970\" height=\"647\" src=\"https:\/\/js-pins.com\/wp-content\/themes\/ark\/builder\/placeholders\/14-2.jpg\" alt=\"\"><h2 class=\"ffb-id-5tr8l83j fg-heading text-center    fg-text-dark\">Big Heading<\/h2><p class=\"ffb-id-5tqfdp9q fg-paragraph text-left    fg-text-dark\">Lorem ipsum dolor sit amet, consectetur adipiscing elit. Duis sed cursus sapien, vitae fringilla sem. Duis convallis vel nunc at laoreet.<\/p><img loading=\"lazy\" decoding=\"async\" class=\"ffb-id-5tqfdssa fg-image  img-responsive full-width fg-text-dark\" width=\"970\" height=\"647\" src=\"https:\/\/js-pins.com\/wp-content\/themes\/ark\/builder\/placeholders\/14-2.jpg\" alt=\"\"><\/div><\/div><\/div><\/section><style>ffb-id-5r42muga{ margin-top: ;margin-right: ;margin-bottom: ;margin-left: ;padding-top: ;padding-right: ;padding-bottom: ;padding-left: ;}@media (min-width:768px) { ffb-id-5r42muga{ margin-top: ;margin-right: ;margin-bottom: ;margin-left: ;padding-top: ;padding-right: ;padding-bottom: ;padding-left: ;}}@media (min-width:992px) { ffb-id-5r42muga{ margin-top: ;margin-right: ;margin-bottom: ;margin-left: ;padding-top: ;padding-right: ;padding-bottom: ;padding-left: ;}}@media (min-width:1200px) { ffb-id-5r42muga{ margin-top: ;margin-right: ;margin-bottom: ;margin-left: ;padding-top: ;padding-right: ;padding-bottom: ;padding-left: ;}}ffb-id-5r42muga{ border-all: 1px solid rgba(128,128,128,0.4) !important;}ffb-id-5r42muga{ box-shadow: 0px 3px 5px 0px rgba(0,0,0,0.18);}ffb-id-5r42muga{ border-radius:     !important;}{ border: 10px solid red !important;}<\/style><script type=\"text\/javascript\">(function($){\njQuery(document).ready(function($) { \n$('ffb-id-5r42muga').css('background','red');\n});\n\n})(jQuery);\n<\/script><style>ffb-id-5r42muga{ \nmargin-top: ;\nmargin-right: ;\nmargin-bottom: ;\nmargin-left: ;\npadding-top: ;\npadding-right: ;\npadding-bottom: ;\npadding-left: ;\n\n}\n@media (min-width:768px) { \nffb-id-5r42muga{ \nmargin-top: ;\nmargin-right: ;\nmargin-bottom: ;\nmargin-left: ;\npadding-top: ;\npadding-right: ;\npadding-bottom: ;\npadding-left: ;\n\n}\n}@media (min-width:992px) { \nffb-id-5r42muga{ \nmargin-top: ;\nmargin-right: ;\nmargin-bottom: ;\nmargin-left: ;\npadding-top: ;\npadding-right: ;\npadding-bottom: ;\npadding-left: ;\n\n}\n}@media (min-width:1200px) { \nffb-id-5r42muga{ \nmargin-top: ;\nmargin-right: ;\nmargin-bottom: ;\nmargin-left: ;\npadding-top: ;\npadding-right: ;\npadding-bottom: ;\npadding-left: ;\n\n}\n}ffb-id-5r42muga{ \nborder-all: 1px solid rgba(128,128,128,0.4) !important;\n\n}\nffb-id-5r42muga{ \nbox-shadow: 0px 3px 5px 0px rgba(0,0,0,0.18);\n\n}\nffb-id-5r42muga{ \nborder-radius:     !important;\n}\n{ \nborder: 10px solid red !important;\n}\n<\/style><script type=\"text\/javascript\">(function($){\njQuery(document).ready(function($) { \n$('ffb-id-5r42muga').css('background','red');\n});\n\n})(jQuery);\n<\/script><\/p>\n","protected":false},"excerpt":{"rendered":"<p>Los pins y broches religiosos se pueden realizar en una amplia variedad de estilos, materiales, tama\u00f1os y colores. Al dise\u00f1ar tus pins personalizados para eventos religiosos, elige entre esmalte de imitaci\u00f3n duro, esmalte suave o deja tus dise\u00f1os sin colores, seg\u00fan el motivo, presupuesto, plazos y grupos objetivos. Ofrecemos varios dise\u00f1os de pins religiosos existentes para que elijas. Sin embargo, \u00a1siempre son bienvenidos los dise\u00f1os personalizados! Adem\u00e1s de los esmaltes regulares, estos pins tambi\u00e9n se pueden decorar con purpurina o incrustar con piedras preciosas. \u00bfTienes problemas para decidir sobre los detalles? Nuestros representantes de ventas siempre est\u00e1n ah\u00ed para ofrecer ayuda profesional.<\/p>\n","protected":false},"featured_media":22215,"template":"","meta":{"_acf_changed":false,"inline_featured_image":false},"product_brand":[],"product_cat":[247,250],"product_tag":[],"class_list":{"0":"post-14496","1":"product","2":"type-product","3":"status-publish","4":"has-post-thumbnail","6":"product_cat-custom-pins","7":"product_cat-religious-souvenirs","8":"post-wrapper","10":"first","11":"instock","12":"shipping-taxable","13":"product-type-simple"},"acf":[],"_links":{"self":[{"href":"https:\/\/js-pins.com\/es\/wp-json\/wp\/v2\/product\/14496","targetHints":{"allow":["GET"]}}],"collection":[{"href":"https:\/\/js-pins.com\/es\/wp-json\/wp\/v2\/product"}],"about":[{"href":"https:\/\/js-pins.com\/es\/wp-json\/wp\/v2\/types\/product"}],"wp:featuredmedia":[{"embeddable":true,"href":"https:\/\/js-pins.com\/es\/wp-json\/wp\/v2\/media\/22215"}],"wp:attachment":[{"href":"https:\/\/js-pins.com\/es\/wp-json\/wp\/v2\/media?parent=14496"}],"wp:term":[{"taxonomy":"product_brand","embeddable":true,"href":"https:\/\/js-pins.com\/es\/wp-json\/wp\/v2\/product_brand?post=14496"},{"taxonomy":"product_cat","embeddable":true,"href":"https:\/\/js-pins.com\/es\/wp-json\/wp\/v2\/product_cat?post=14496"},{"taxonomy":"product_tag","embeddable":true,"href":"https:\/\/js-pins.com\/es\/wp-json\/wp\/v2\/product_tag?post=14496"}],"curies":[{"name":"wp","href":"https:\/\/api.w.org\/{rel}","templated":true}]}}