{"id":14560,"date":"2023-10-30T14:40:52","date_gmt":"2023-10-30T06:40:52","guid":{"rendered":"https:\/\/js-pins.com\/product\/military-ribbon-bars\/"},"modified":"2024-12-23T18:09:42","modified_gmt":"2024-12-23T10:09:42","slug":"military-ribbon-bars","status":"publish","type":"product","link":"https:\/\/js-pins.com\/es\/product\/military-ribbon-bars\/","title":{"rendered":"Barritas de cintas militares"},"content":{"rendered":"<section class=\"ffb-id-5u5g274h fg-section fg-text-dark\"><div class=\"fg-container container fg-container-large fg-container-lvl--1 \"><div class=\"fg-row row    \" ><div class=\"ffb-id-5u5g35gu fg-col col-xs-12 col-md-4 fg-el-has-bg fg-temp-height fg-text-dark\" data-fg-force-min-height=\"{&quot;breakpoint_1&quot;:{&quot;height&quot;:&quot;&quot;,&quot;offset&quot;:&quot;&quot;},&quot;breakpoint_2&quot;:{&quot;height&quot;:&quot;&quot;,&quot;offset&quot;:&quot;&quot;},&quot;breakpoint_3&quot;:{&quot;height&quot;:&quot;&quot;,&quot;offset&quot;:&quot;&quot;},&quot;breakpoint_4&quot;:{&quot;height&quot;:&quot;&quot;,&quot;offset&quot;:&quot;&quot;}}\" ><span class=\"fg-bg\"><span data-fg-bg=\"{&quot;type&quot;:&quot;color&quot;,&quot;opacity&quot;:1,&quot;color&quot;:&quot;#f7f8fa&quot;}\" class=\"fg-bg-layer fg-bg-type-color \" style=\"opacity: 1; background-color: #f7f8fa;\"><\/span><span data-fg-bg=\"{&quot;type&quot;:&quot;gradient&quot;,&quot;gradient&quot;:&quot;&quot;,&quot;opacity&quot;:1}\" class=\"fg-bg-layer fg-bg-type-gradient \" style=\"opacity: 1; \"><\/span><span data-fg-bg=\"{&quot;type&quot;:&quot;image&quot;,&quot;opacity&quot;:1,&quot;url&quot;:&quot;&quot;,&quot;size&quot;:&quot;cover&quot;,&quot;repeat&quot;:&quot;no-repeat&quot;,&quot;attachment&quot;:&quot;scroll&quot;,&quot;position&quot;:&quot;center center&quot;}\" class=\"fg-bg-layer fg-bg-type-image \" style=\"opacity: 1; background-image: url(&quot;&quot;); background-repeat: no-repeat; background-attachment: scroll; background-position: center center; background-size: cover;\"><\/span><span data-fg-bg=\"{&quot;type&quot;:&quot;video&quot;,&quot;opacity&quot;:1,&quot;variant&quot;:&quot;youtube&quot;,&quot;url&quot;:&quot;&quot;,&quot;width&quot;:16,&quot;height&quot;:9,&quot;shield&quot;:&quot;on&quot;}\" class=\"fg-bg-layer fg-bg-type-video \" data-freshgrid=\"{&quot;type&quot;:&quot;video&quot;,&quot;opacity&quot;:1,&quot;variant&quot;:&quot;youtube&quot;,&quot;url&quot;:&quot;&quot;,&quot;width&quot;:16,&quot;height&quot;:9,&quot;shield&quot;:&quot;on&quot;}\"><\/span><span data-fg-bg=\"{&quot;type&quot;:&quot;slant&quot;,&quot;opacity&quot;:1,&quot;color&quot;:&quot;#ffffff&quot;,&quot;edge&quot;:&quot;top&quot;,&quot;direction&quot;:&quot;up&quot;,&quot;angle&quot;:15}\" class=\"fg-bg-layer fg-bg-type-slant \" style=\"opacity: 1\"><\/span><span data-fg-bg=\"{&quot;type&quot;:&quot;parallax&quot;,&quot;url&quot;:&quot;&quot;,&quot;opacity&quot;:1,&quot;width&quot;:&quot;&quot;,&quot;height&quot;:&quot;&quot;,&quot;speed&quot;:50,&quot;size&quot;:&quot;cover&quot;,&quot;offset_h&quot;:50,&quot;offset_v&quot;:50}\" class=\"fg-bg-layer fg-bg-type-parallax \" style=\"opacity: 1; background-image: url(&quot;&quot;);\"><\/span><\/span><p class=\"ffb-id-5u9spptm fg-paragraph text-left    fg-text-dark\">Lorem ipsum dolor sit amet, consectetur adipiscing elit. Duis sed cursus sapien, vitae fringilla sem. Duis convallis vel nunc at laoreet.<\/p><p class=\"ffb-id-5u5g4odm fg-paragraph text-left    fg-text-dark\">Lorem ipsum dolor sit amet, consectetur adipiscing elit. Duis sed cursus sapien, vitae fringilla sem. Duis convallis vel nunc at laoreet.<\/p><img loading=\"lazy\" decoding=\"async\" class=\"ffb-id-7534vq6i fg-image  img-responsive full-width fg-text-dark\" width=\"970\" height=\"647\" src=\"https:\/\/js-pins.com\/wp-content\/themes\/ark\/builder\/placeholders\/14-2.jpg\" alt=\"\"><\/div><div class=\"ffb-id-6unp1cea fg-col col-xs-12 col-md-4 fg-el-has-bg fg-temp-height fg-text-dark\" data-fg-force-min-height=\"{&quot;breakpoint_1&quot;:{&quot;height&quot;:&quot;&quot;,&quot;offset&quot;:&quot;&quot;},&quot;breakpoint_2&quot;:{&quot;height&quot;:&quot;&quot;,&quot;offset&quot;:&quot;&quot;},&quot;breakpoint_3&quot;:{&quot;height&quot;:&quot;&quot;,&quot;offset&quot;:&quot;&quot;},&quot;breakpoint_4&quot;:{&quot;height&quot;:&quot;&quot;,&quot;offset&quot;:&quot;&quot;}}\" ><span class=\"fg-bg\"><span data-fg-bg=\"{&quot;type&quot;:&quot;color&quot;,&quot;opacity&quot;:1,&quot;color&quot;:&quot;#f7f8fa&quot;}\" class=\"fg-bg-layer fg-bg-type-color \" style=\"opacity: 1; background-color: #f7f8fa;\"><\/span><span data-fg-bg=\"{&quot;type&quot;:&quot;gradient&quot;,&quot;gradient&quot;:&quot;&quot;,&quot;opacity&quot;:1}\" class=\"fg-bg-layer fg-bg-type-gradient \" style=\"opacity: 1; \"><\/span><span data-fg-bg=\"{&quot;type&quot;:&quot;image&quot;,&quot;opacity&quot;:1,&quot;url&quot;:&quot;&quot;,&quot;size&quot;:&quot;cover&quot;,&quot;repeat&quot;:&quot;no-repeat&quot;,&quot;attachment&quot;:&quot;scroll&quot;,&quot;position&quot;:&quot;center center&quot;}\" class=\"fg-bg-layer fg-bg-type-image \" style=\"opacity: 1; background-image: url(&quot;&quot;); background-repeat: no-repeat; background-attachment: scroll; background-position: center center; background-size: cover;\"><\/span><span data-fg-bg=\"{&quot;type&quot;:&quot;video&quot;,&quot;opacity&quot;:1,&quot;variant&quot;:&quot;youtube&quot;,&quot;url&quot;:&quot;&quot;,&quot;width&quot;:16,&quot;height&quot;:9,&quot;shield&quot;:&quot;on&quot;}\" class=\"fg-bg-layer fg-bg-type-video \" data-freshgrid=\"{&quot;type&quot;:&quot;video&quot;,&quot;opacity&quot;:1,&quot;variant&quot;:&quot;youtube&quot;,&quot;url&quot;:&quot;&quot;,&quot;width&quot;:16,&quot;height&quot;:9,&quot;shield&quot;:&quot;on&quot;}\"><\/span><span data-fg-bg=\"{&quot;type&quot;:&quot;slant&quot;,&quot;opacity&quot;:1,&quot;color&quot;:&quot;#ffffff&quot;,&quot;edge&quot;:&quot;top&quot;,&quot;direction&quot;:&quot;up&quot;,&quot;angle&quot;:15}\" class=\"fg-bg-layer fg-bg-type-slant \" style=\"opacity: 1\"><\/span><span data-fg-bg=\"{&quot;type&quot;:&quot;parallax&quot;,&quot;url&quot;:&quot;&quot;,&quot;opacity&quot;:1,&quot;width&quot;:&quot;&quot;,&quot;height&quot;:&quot;&quot;,&quot;speed&quot;:50,&quot;size&quot;:&quot;cover&quot;,&quot;offset_h&quot;:50,&quot;offset_v&quot;:50}\" class=\"fg-bg-layer fg-bg-type-parallax \" style=\"opacity: 1; background-image: url(&quot;&quot;);\"><\/span><\/span><p class=\"ffb-id-6unp1ceb fg-paragraph text-left    fg-text-dark\">Lorem ipsum dolor sit amet, consectetur adipiscing elit. Duis sed cursus sapien, vitae fringilla sem. Duis convallis vel nunc at laoreet.<\/p><p class=\"ffb-id-6unp1cec fg-paragraph text-left    fg-text-dark\">Lorem ipsum dolor sit amet, consectetur adipiscing elit. Duis sed cursus sapien, vitae fringilla sem. Duis convallis vel nunc at laoreet.<\/p><\/div><div class=\"ffb-id-75gmbq9v fg-col col-xs-12 col-md-4 fg-el-has-bg fg-temp-height fg-text-dark\" data-fg-force-min-height=\"{&quot;breakpoint_1&quot;:{&quot;height&quot;:&quot;&quot;,&quot;offset&quot;:&quot;&quot;},&quot;breakpoint_2&quot;:{&quot;height&quot;:&quot;&quot;,&quot;offset&quot;:&quot;&quot;},&quot;breakpoint_3&quot;:{&quot;height&quot;:&quot;&quot;,&quot;offset&quot;:&quot;&quot;},&quot;breakpoint_4&quot;:{&quot;height&quot;:&quot;&quot;,&quot;offset&quot;:&quot;&quot;}}\" ><span class=\"fg-bg\"><span data-fg-bg=\"{&quot;type&quot;:&quot;color&quot;,&quot;opacity&quot;:1,&quot;color&quot;:&quot;#f7f8fa&quot;}\" class=\"fg-bg-layer fg-bg-type-color \" style=\"opacity: 1; background-color: #f7f8fa;\"><\/span><span data-fg-bg=\"{&quot;type&quot;:&quot;gradient&quot;,&quot;gradient&quot;:&quot;&quot;,&quot;opacity&quot;:1}\" class=\"fg-bg-layer fg-bg-type-gradient \" style=\"opacity: 1; \"><\/span><span data-fg-bg=\"{&quot;type&quot;:&quot;image&quot;,&quot;opacity&quot;:1,&quot;url&quot;:&quot;&quot;,&quot;size&quot;:&quot;cover&quot;,&quot;repeat&quot;:&quot;no-repeat&quot;,&quot;attachment&quot;:&quot;scroll&quot;,&quot;position&quot;:&quot;center center&quot;}\" class=\"fg-bg-layer fg-bg-type-image \" style=\"opacity: 1; background-image: url(&quot;&quot;); background-repeat: no-repeat; background-attachment: scroll; background-position: center center; background-size: cover;\"><\/span><span data-fg-bg=\"{&quot;type&quot;:&quot;video&quot;,&quot;opacity&quot;:1,&quot;variant&quot;:&quot;youtube&quot;,&quot;url&quot;:&quot;&quot;,&quot;width&quot;:16,&quot;height&quot;:9,&quot;shield&quot;:&quot;on&quot;}\" class=\"fg-bg-layer fg-bg-type-video \" data-freshgrid=\"{&quot;type&quot;:&quot;video&quot;,&quot;opacity&quot;:1,&quot;variant&quot;:&quot;youtube&quot;,&quot;url&quot;:&quot;&quot;,&quot;width&quot;:16,&quot;height&quot;:9,&quot;shield&quot;:&quot;on&quot;}\"><\/span><span data-fg-bg=\"{&quot;type&quot;:&quot;slant&quot;,&quot;opacity&quot;:1,&quot;color&quot;:&quot;#ffffff&quot;,&quot;edge&quot;:&quot;top&quot;,&quot;direction&quot;:&quot;up&quot;,&quot;angle&quot;:15}\" class=\"fg-bg-layer fg-bg-type-slant \" style=\"opacity: 1\"><\/span><span data-fg-bg=\"{&quot;type&quot;:&quot;parallax&quot;,&quot;url&quot;:&quot;&quot;,&quot;opacity&quot;:1,&quot;width&quot;:&quot;&quot;,&quot;height&quot;:&quot;&quot;,&quot;speed&quot;:50,&quot;size&quot;:&quot;cover&quot;,&quot;offset_h&quot;:50,&quot;offset_v&quot;:50}\" class=\"fg-bg-layer fg-bg-type-parallax \" style=\"opacity: 1; background-image: url(&quot;&quot;);\"><\/span><\/span><p class=\"ffb-id-75gmbqa0 fg-paragraph text-left    fg-text-dark\">Lorem ipsum dolor sit amet, consectetur adipiscing elit. Duis sed cursus sapien, vitae fringilla sem. Duis convallis vel nunc at laoreet.<\/p><p class=\"ffb-id-75gmbqa1 fg-paragraph text-left    fg-text-dark\">Lorem ipsum dolor sit amet, consectetur adipiscing elit. Duis sed cursus sapien, vitae fringilla sem. Duis convallis vel nunc at laoreet.<\/p><div class=\"ffb-id-78cr0vt5 fg-video fg-text-dark\"><\/div><p class=\"ffb-id-78cr0sqr fg-paragraph text-left    fg-text-dark\">Lorem ipsum dolor sit amet, consectetur adipiscing elit. Duis sed cursus sapien, vitae fringilla sem. Duis convallis vel nunc at laoreet.<\/p><div class=\"ffb-id-78cr1on0 fg-video fg-text-dark\"><\/div><\/div><\/div><\/div><\/section><style>ffb-id-75gmbq9v{ margin-top: ;margin-right: ;margin-bottom: ;margin-left: ;padding-top: ;padding-right: ;padding-bottom: ;padding-left: ;}@media (min-width:768px) { ffb-id-75gmbq9v{ margin-top: ;margin-right: ;margin-bottom: ;margin-left: ;padding-top: ;padding-right: ;padding-bottom: ;padding-left: ;}}@media (min-width:992px) { ffb-id-75gmbq9v{ margin-top: ;margin-right: ;margin-bottom: ;margin-left: ;padding-top: ;padding-right: ;padding-bottom: ;padding-left: ;}}@media (min-width:1200px) { ffb-id-75gmbq9v{ margin-top: ;margin-right: ;margin-bottom: ;margin-left: ;padding-top: ;padding-right: ;padding-bottom: ;padding-left: ;}}ffb-id-75gmbq9v{ border-all: 1px solid rgba(128,128,128,0.4) !important;}ffb-id-75gmbq9v{ box-shadow: 0px 3px 5px 0px rgba(0,0,0,0.18);}ffb-id-75gmbq9v{ border-radius:     !important;}{ border: 10px solid red !important;}ffb-id-6unp1cea{ margin-top: ;margin-right: ;margin-bottom: ;margin-left: ;padding-top: ;padding-right: ;padding-bottom: ;padding-left: ;}@media (min-width:768px) { ffb-id-6unp1cea{ margin-top: ;margin-right: ;margin-bottom: ;margin-left: ;padding-top: ;padding-right: ;padding-bottom: ;padding-left: ;}}@media (min-width:992px) { ffb-id-6unp1cea{ margin-top: ;margin-right: ;margin-bottom: ;margin-left: ;padding-top: ;padding-right: ;padding-bottom: ;padding-left: ;}}@media (min-width:1200px) { ffb-id-6unp1cea{ margin-top: ;margin-right: ;margin-bottom: ;margin-left: ;padding-top: ;padding-right: ;padding-bottom: ;padding-left: ;}}ffb-id-6unp1cea{ border-all: 1px solid rgba(128,128,128,0.4) !important;}ffb-id-6unp1cea{ box-shadow: 0px 3px 5px 0px rgba(0,0,0,0.18);}ffb-id-6unp1cea{ border-radius:     !important;}{ border: 10px solid red !important;}ffb-id-5u5g35gu{ margin-top: ;margin-right: ;margin-bottom: ;margin-left: ;padding-top: ;padding-right: ;padding-bottom: ;padding-left: ;}@media (min-width:768px) { ffb-id-5u5g35gu{ margin-top: ;margin-right: ;margin-bottom: ;margin-left: ;padding-top: ;padding-right: ;padding-bottom: ;padding-left: ;}}@media (min-width:992px) { ffb-id-5u5g35gu{ margin-top: ;margin-right: ;margin-bottom: ;margin-left: ;padding-top: ;padding-right: ;padding-bottom: ;padding-left: ;}}@media (min-width:1200px) { ffb-id-5u5g35gu{ margin-top: ;margin-right: ;margin-bottom: ;margin-left: ;padding-top: ;padding-right: ;padding-bottom: ;padding-left: ;}}ffb-id-5u5g35gu{ border-all: 1px solid rgba(128,128,128,0.4) !important;}ffb-id-5u5g35gu{ box-shadow: 0px 3px 5px 0px rgba(0,0,0,0.18);}ffb-id-5u5g35gu{ border-radius:     !important;}{ border: 10px solid red !important;}<\/style><script type=\"text\/javascript\">(function($){\njQuery(document).ready(function($) { \n$('ffb-id-75gmbq9v').css('background','red');\n});\n\n})(jQuery);\n(function($){\njQuery(document).ready(function($) { \n$('ffb-id-6unp1cea').css('background','red');\n});\n\n})(jQuery);\n(function($){\njQuery(document).ready(function($) { \n$('ffb-id-5u5g35gu').css('background','red');\n});\n\n})(jQuery);\n<\/script>\n","protected":false},"excerpt":{"rendered":"<p>Nuestras barras de cintas militares, elaboradas con lat\u00f3n o aleaci\u00f3n de zinc de alta calidad, est\u00e1n dise\u00f1adas con precisi\u00f3n para deslizarse f\u00e1cilmente en la placa de cintas o ensamblar en placas magn\u00e9ticas de cintas. Ofrecemos una variedad de tama\u00f1os est\u00e1ndar y estamos completamente equipados para fabricar tama\u00f1os personalizados que se ajusten a sus necesidades espec\u00edficas. Adem\u00e1s, si necesita cintas de colores, tambi\u00e9n podemos suministrarlas. Si tiene texturas distintivas que no pueden ser duplicadas con precisi\u00f3n, estaremos encantados de colaborar con los clientes y trabajar con las cintas que proporcionen.<\/p>\n","protected":false},"featured_media":13682,"template":"","meta":{"_acf_changed":false,"inline_featured_image":false},"product_brand":[],"product_cat":[239],"product_tag":[],"class_list":{"0":"post-14560","1":"product","2":"type-product","3":"status-publish","4":"has-post-thumbnail","6":"product_cat-military-award-medal","7":"post-wrapper","9":"first","10":"instock","11":"shipping-taxable","12":"product-type-simple"},"acf":[],"_links":{"self":[{"href":"https:\/\/js-pins.com\/es\/wp-json\/wp\/v2\/product\/14560","targetHints":{"allow":["GET"]}}],"collection":[{"href":"https:\/\/js-pins.com\/es\/wp-json\/wp\/v2\/product"}],"about":[{"href":"https:\/\/js-pins.com\/es\/wp-json\/wp\/v2\/types\/product"}],"wp:featuredmedia":[{"embeddable":true,"href":"https:\/\/js-pins.com\/es\/wp-json\/wp\/v2\/media\/13682"}],"wp:attachment":[{"href":"https:\/\/js-pins.com\/es\/wp-json\/wp\/v2\/media?parent=14560"}],"wp:term":[{"taxonomy":"product_brand","embeddable":true,"href":"https:\/\/js-pins.com\/es\/wp-json\/wp\/v2\/product_brand?post=14560"},{"taxonomy":"product_cat","embeddable":true,"href":"https:\/\/js-pins.com\/es\/wp-json\/wp\/v2\/product_cat?post=14560"},{"taxonomy":"product_tag","embeddable":true,"href":"https:\/\/js-pins.com\/es\/wp-json\/wp\/v2\/product_tag?post=14560"}],"curies":[{"name":"wp","href":"https:\/\/api.w.org\/{rel}","templated":true}]}}